{"id":7,"date":"2022-02-17T21:58:44","date_gmt":"2022-02-17T20:58:44","guid":{"rendered":"https:\/\/3cloud.de\/?page_id=7"},"modified":"2026-04-04T11:06:43","modified_gmt":"2026-04-04T09:06:43","slug":"kontakt","status":"publish","type":"page","link":"https:\/\/drei-g.de\/?page_id=7","title":{"rendered":"Impressum"},"content":{"rendered":"\n<p>3G Mobile Communication GmbH<br>S\u00fcdring 52<br>63834 Sulzbach am Main<\/p>\n\n\n\n<p>Gesch\u00e4ftsf\u00fchrender Gesellschafter: Alexander Gr\u00fcnder<\/p>\n\n\n\n<p>Registergericht: Amtsgericht Aschaffenburg<br>Registernummer: HRB 8564<br>Umsatzsteuer-Identifikationsnummer gem\u00e4\u00df \u00a7 27a Umsatzsteuergesetz: DE 224017234<br>Registrierungsnummer laut deutschem Verpackungsgesetz: DE 3653054182850<\/p>\n\n\n\n<p>Inhaltlich Verantwortlicher: Alexander Gr\u00fcnder (Anschrift wie oben)<\/p>\n\n\n\n<p>e-Mail <a href=\"mailto:info@drei-g.de\">info(at)drei-g.de<\/a><\/p>\n\n\n\n<p>Telefon +49 (0)6021 &#8211; 325100<br>Telefax +49 (0)6021 &#8211; 325101<\/p>\n\n\n\n<p style=\"font-size:22px\">Termine nach Vereinbarung<br><\/p>\n\n\n\n<p style=\"font-size:11px\">Bildquellen:<br>https:\/\/sunpropower.com<br>https:\/\/zcsazzurro.com<br>https:\/\/pexels.com<br>https:\/\/unsplash.com<\/p>\n","protected":false},"excerpt":{"rendered":"<p>3G Mobile Communication GmbHS\u00fcdring 5263834 Sulzbach am Main Gesch\u00e4ftsf\u00fchrender Gesellschafter: Alexander Gr\u00fcnder Registergericht: Amtsgericht AschaffenburgRegisternummer: HRB 8564Umsatzsteuer-Identifikationsnummer gem\u00e4\u00df \u00a7 27a Umsatzsteuergesetz: DE 224017234Registrierungsnummer laut deutschem Verpackungsgesetz: DE 3653054182850 Inhaltlich Verantwortlicher: Alexander Gr\u00fcnder (Anschrift wie oben) e-Mail info(at)drei-g.de Telefon +49 (0)6021 &#8211; 325100Telefax +49 (0)6021 &#8211; 325101 Termine nach Vereinbarung Bildquellen:https:\/\/sunpropower.comhttps:\/\/zcsazzurro.comhttps:\/\/pexels.comhttps:\/\/unsplash.com<\/p>\n","protected":false},"author":1,"featured_media":277,"parent":0,"menu_order":0,"comment_status":"closed","ping_status":"closed","template":"","meta":{"_coblocks_attr":"","_coblocks_dimensions":"","_coblocks_responsive_height":"","_coblocks_accordion_ie_support":"","footnotes":""},"class_list":["post-7","page","type-page","status-publish","has-post-thumbnail","hentry"],"jetpack_sharing_enabled":true,"_links":{"self":[{"href":"https:\/\/drei-g.de\/index.php?rest_route=\/wp\/v2\/pages\/7","targetHints":{"allow":["GET"]}}],"collection":[{"href":"https:\/\/drei-g.de\/index.php?rest_route=\/wp\/v2\/pages"}],"about":[{"href":"https:\/\/drei-g.de\/index.php?rest_route=\/wp\/v2\/types\/page"}],"author":[{"embeddable":true,"href":"https:\/\/drei-g.de\/index.php?rest_route=\/wp\/v2\/users\/1"}],"replies":[{"embeddable":true,"href":"https:\/\/drei-g.de\/index.php?rest_route=%2Fwp%2Fv2%2Fcomments&post=7"}],"version-history":[{"count":9,"href":"https:\/\/drei-g.de\/index.php?rest_route=\/wp\/v2\/pages\/7\/revisions"}],"predecessor-version":[{"id":689,"href":"https:\/\/drei-g.de\/index.php?rest_route=\/wp\/v2\/pages\/7\/revisions\/689"}],"wp:featuredmedia":[{"embeddable":true,"href":"https:\/\/drei-g.de\/index.php?rest_route=\/wp\/v2\/media\/277"}],"wp:attachment":[{"href":"https:\/\/drei-g.de\/index.php?rest_route=%2Fwp%2Fv2%2Fmedia&parent=7"}],"curies":[{"name":"wp","href":"https:\/\/api.w.org\/{rel}","templated":true}]}}