{"id":5,"date":"2022-02-17T21:58:43","date_gmt":"2022-02-17T20:58:43","guid":{"rendered":"https:\/\/3cloud.de\/?page_id=5"},"modified":"2026-04-27T21:33:22","modified_gmt":"2026-04-27T19:33:22","slug":"gestalte-deine-website-mit-bloecken","status":"publish","type":"page","link":"https:\/\/drei-g.de\/","title":{"rendered":"Startseite"},"content":{"rendered":"\n<h3 class=\"wp-block-heading alignwide has-text-align-wide has-gigantic-font-size\" style=\"line-height:1.1\"><br><br>Wir arbeiten nicht als Systemhaus und nicht als klassische Beratung. Wir sind ein <strong>neutraler Orchestrator<\/strong>, der f\u00fcr jedes Projekt die passenden Partner zusammenf\u00fchrt und die gesamte Prozesskette verantwortet:<\/h3>\n\n\n\n<div class=\"wp-block-columns alignwide are-vertically-aligned-center is-style-twentytwentyone-columns-overlap is-layout-flex wp-container-core-columns-is-layout-28f84493 wp-block-columns-is-layout-flex\">\n<div class=\"wp-block-column is-vertically-aligned-center is-layout-flow wp-block-column-is-layout-flow\">\n<p><\/p>\n<\/div>\n<\/div>\n\n\n\n<div class=\"wp-block-group\"><div class=\"wp-block-group__inner-container is-layout-constrained wp-block-group-is-layout-constrained\">\n<ul class=\"wp-block-list\">\n<li>Bedarf verstehen<\/li>\n\n\n\n<li>Partner ausw\u00e4hlen<\/li>\n\n\n\n<li>Prozesse strukturieren<\/li>\n\n\n\n<li>Umsetzung koordinieren<\/li>\n\n\n\n<li>Betrieb sicherstellen<\/li>\n<\/ul>\n\n\n\n<p><br>So entstehen modulare, skalierbare und wirtschaftliche L\u00f6sungen \u2013 ohne Hersteller- oder Partnerabh\u00e4ngigkeit.<\/p>\n<\/div><\/div>\n\n\n\n<p><\/p>\n","protected":false},"excerpt":{"rendered":"<p>Wir arbeiten nicht als Systemhaus und nicht als klassische Beratung. Wir sind ein neutraler Orchestrator, der f\u00fcr jedes Projekt die passenden Partner zusammenf\u00fchrt und die gesamte Prozesskette verantwortet: So entstehen modulare, skalierbare und wirtschaftliche L\u00f6sungen \u2013 ohne Hersteller- oder Partnerabh\u00e4ngigkeit.<\/p>\n","protected":false},"author":1,"featured_media":36,"parent":0,"menu_order":0,"comment_status":"closed","ping_status":"closed","template":"","meta":{"_coblocks_attr":"","_coblocks_dimensions":"","_coblocks_responsive_height":"","_coblocks_accordion_ie_support":"","footnotes":""},"class_list":["post-5","page","type-page","status-publish","has-post-thumbnail","hentry"],"jetpack_sharing_enabled":true,"_links":{"self":[{"href":"https:\/\/drei-g.de\/index.php?rest_route=\/wp\/v2\/pages\/5","targetHints":{"allow":["GET"]}}],"collection":[{"href":"https:\/\/drei-g.de\/index.php?rest_route=\/wp\/v2\/pages"}],"about":[{"href":"https:\/\/drei-g.de\/index.php?rest_route=\/wp\/v2\/types\/page"}],"author":[{"embeddable":true,"href":"https:\/\/drei-g.de\/index.php?rest_route=\/wp\/v2\/users\/1"}],"replies":[{"embeddable":true,"href":"https:\/\/drei-g.de\/index.php?rest_route=%2Fwp%2Fv2%2Fcomments&post=5"}],"version-history":[{"count":41,"href":"https:\/\/drei-g.de\/index.php?rest_route=\/wp\/v2\/pages\/5\/revisions"}],"predecessor-version":[{"id":707,"href":"https:\/\/drei-g.de\/index.php?rest_route=\/wp\/v2\/pages\/5\/revisions\/707"}],"wp:featuredmedia":[{"embeddable":true,"href":"https:\/\/drei-g.de\/index.php?rest_route=\/wp\/v2\/media\/36"}],"wp:attachment":[{"href":"https:\/\/drei-g.de\/index.php?rest_route=%2Fwp%2Fv2%2Fmedia&parent=5"}],"curies":[{"name":"wp","href":"https:\/\/api.w.org\/{rel}","templated":true}]}}